{"id":5819,"date":"2026-01-08T09:12:39","date_gmt":"2026-01-08T14:12:39","guid":{"rendered":"https:\/\/neurogymrehab.com\/?page_id=5819"},"modified":"2026-01-08T09:18:23","modified_gmt":"2026-01-08T14:18:23","slug":"politique-de-confidentialite-ngfit","status":"publish","type":"page","link":"https:\/\/neurogymrehab.com\/fr\/politique-de-confidentialite-ngfit\/","title":{"rendered":"Politique de confidentialit\u00e9 NGFIT"},"content":{"rendered":"\t\t<div data-elementor-type=\"wp-page\" data-elementor-id=\"5819\" class=\"elementor elementor-5819 elementor-5793\" data-elementor-post-type=\"page\">\n\t\t\t\t\t\t<section class=\"elementor-section elementor-top-section elementor-element elementor-element-cae47bc elementor-section-full_width elementor-section-height-default elementor-section-height-default\" data-id=\"cae47bc\" data-element_type=\"section\" data-e-type=\"section\" data-settings=\"{&quot;jet_parallax_layout_list&quot;:[{&quot;jet_parallax_layout_image&quot;:{&quot;url&quot;:&quot;&quot;,&quot;id&quot;:&quot;&quot;,&quot;size&quot;:&quot;&quot;},&quot;_id&quot;:&quot;79643be&quot;,&quot;jet_parallax_layout_image_tablet&quot;:{&quot;url&quot;:&quot;&quot;,&quot;id&quot;:&quot;&quot;,&quot;size&quot;:&quot;&quot;},&quot;jet_parallax_layout_image_mobile&quot;:{&quot;url&quot;:&quot;&quot;,&quot;id&quot;:&quot;&quot;,&quot;size&quot;:&quot;&quot;},&quot;jet_parallax_layout_speed&quot;:{&quot;unit&quot;:&quot;%&quot;,&quot;size&quot;:50,&quot;sizes&quot;:[]},&quot;jet_parallax_layout_type&quot;:&quot;scroll&quot;,&quot;jet_parallax_layout_direction&quot;:&quot;1&quot;,&quot;jet_parallax_layout_fx_direction&quot;:null,&quot;jet_parallax_layout_z_index&quot;:&quot;&quot;,&quot;jet_parallax_layout_bg_x&quot;:50,&quot;jet_parallax_layout_bg_x_tablet&quot;:&quot;&quot;,&quot;jet_parallax_layout_bg_x_mobile&quot;:&quot;&quot;,&quot;jet_parallax_layout_bg_y&quot;:50,&quot;jet_parallax_layout_bg_y_tablet&quot;:&quot;&quot;,&quot;jet_parallax_layout_bg_y_mobile&quot;:&quot;&quot;,&quot;jet_parallax_layout_bg_size&quot;:&quot;auto&quot;,&quot;jet_parallax_layout_bg_size_tablet&quot;:&quot;&quot;,&quot;jet_parallax_layout_bg_size_mobile&quot;:&quot;&quot;,&quot;jet_parallax_layout_animation_prop&quot;:&quot;transform&quot;,&quot;jet_parallax_layout_on&quot;:[&quot;desktop&quot;,&quot;tablet&quot;]}],&quot;background_background&quot;:&quot;classic&quot;}\">\n\t\t\t\t\t\t<div class=\"elementor-container elementor-column-gap-default\">\n\t\t\t\t\t<div class=\"elementor-column elementor-col-100 elementor-top-column elementor-element elementor-element-2ebcc3d\" data-id=\"2ebcc3d\" data-element_type=\"column\" data-e-type=\"column\">\n\t\t\t<div class=\"elementor-widget-wrap elementor-element-populated\">\n\t\t\t\t\t\t<div class=\"elementor-element elementor-element-8ea6bfa elementor-widget elementor-widget-heading\" data-id=\"8ea6bfa\" data-element_type=\"widget\" data-e-type=\"widget\" data-widget_type=\"heading.default\">\n\t\t\t\t<div class=\"elementor-widget-container\">\n\t\t\t\t\t<h1 class=\"elementor-heading-title elementor-size-default\">Politique de confidentialit\u00e9 NeuroGym Fit<\/h1>\t\t\t\t<\/div>\n\t\t\t\t<\/div>\n\t\t\t\t\t<\/div>\n\t\t<\/div>\n\t\t\t\t\t<\/div>\n\t\t<\/section>\n\t\t\t\t<section class=\"elementor-section elementor-top-section elementor-element elementor-element-ac48b27 elementor-section-boxed elementor-section-height-default elementor-section-height-default\" data-id=\"ac48b27\" data-element_type=\"section\" data-e-type=\"section\" data-settings=\"{&quot;jet_parallax_layout_list&quot;:[{&quot;jet_parallax_layout_image&quot;:{&quot;url&quot;:&quot;&quot;,&quot;id&quot;:&quot;&quot;,&quot;size&quot;:&quot;&quot;},&quot;_id&quot;:&quot;304226e&quot;,&quot;jet_parallax_layout_image_tablet&quot;:{&quot;url&quot;:&quot;&quot;,&quot;id&quot;:&quot;&quot;,&quot;size&quot;:&quot;&quot;},&quot;jet_parallax_layout_image_mobile&quot;:{&quot;url&quot;:&quot;&quot;,&quot;id&quot;:&quot;&quot;,&quot;size&quot;:&quot;&quot;},&quot;jet_parallax_layout_speed&quot;:{&quot;unit&quot;:&quot;%&quot;,&quot;size&quot;:50,&quot;sizes&quot;:[]},&quot;jet_parallax_layout_type&quot;:&quot;scroll&quot;,&quot;jet_parallax_layout_direction&quot;:&quot;1&quot;,&quot;jet_parallax_layout_fx_direction&quot;:null,&quot;jet_parallax_layout_z_index&quot;:&quot;&quot;,&quot;jet_parallax_layout_bg_x&quot;:50,&quot;jet_parallax_layout_bg_x_tablet&quot;:&quot;&quot;,&quot;jet_parallax_layout_bg_x_mobile&quot;:&quot;&quot;,&quot;jet_parallax_layout_bg_y&quot;:50,&quot;jet_parallax_layout_bg_y_tablet&quot;:&quot;&quot;,&quot;jet_parallax_layout_bg_y_mobile&quot;:&quot;&quot;,&quot;jet_parallax_layout_bg_size&quot;:&quot;auto&quot;,&quot;jet_parallax_layout_bg_size_tablet&quot;:&quot;&quot;,&quot;jet_parallax_layout_bg_size_mobile&quot;:&quot;&quot;,&quot;jet_parallax_layout_animation_prop&quot;:&quot;transform&quot;,&quot;jet_parallax_layout_on&quot;:[&quot;desktop&quot;,&quot;tablet&quot;]}],&quot;background_background&quot;:&quot;classic&quot;}\">\n\t\t\t\t\t\t<div class=\"elementor-container elementor-column-gap-default\">\n\t\t\t\t\t<div class=\"elementor-column elementor-col-100 elementor-top-column elementor-element elementor-element-3ed3e54\" data-id=\"3ed3e54\" data-element_type=\"column\" data-e-type=\"column\">\n\t\t\t<div class=\"elementor-widget-wrap elementor-element-populated\">\n\t\t\t\t\t\t<section class=\"elementor-section elementor-inner-section elementor-element elementor-element-59c0b07 elementor-section-boxed elementor-section-height-default elementor-section-height-default\" data-id=\"59c0b07\" data-element_type=\"section\" data-e-type=\"section\" data-settings=\"{&quot;jet_parallax_layout_list&quot;:[{&quot;jet_parallax_layout_image&quot;:{&quot;url&quot;:&quot;&quot;,&quot;id&quot;:&quot;&quot;,&quot;size&quot;:&quot;&quot;},&quot;_id&quot;:&quot;3184eac&quot;,&quot;jet_parallax_layout_image_tablet&quot;:{&quot;url&quot;:&quot;&quot;,&quot;id&quot;:&quot;&quot;,&quot;size&quot;:&quot;&quot;},&quot;jet_parallax_layout_image_mobile&quot;:{&quot;url&quot;:&quot;&quot;,&quot;id&quot;:&quot;&quot;,&quot;size&quot;:&quot;&quot;},&quot;jet_parallax_layout_speed&quot;:{&quot;unit&quot;:&quot;%&quot;,&quot;size&quot;:50,&quot;sizes&quot;:[]},&quot;jet_parallax_layout_type&quot;:&quot;scroll&quot;,&quot;jet_parallax_layout_direction&quot;:&quot;1&quot;,&quot;jet_parallax_layout_fx_direction&quot;:null,&quot;jet_parallax_layout_z_index&quot;:&quot;&quot;,&quot;jet_parallax_layout_bg_x&quot;:50,&quot;jet_parallax_layout_bg_x_tablet&quot;:&quot;&quot;,&quot;jet_parallax_layout_bg_x_mobile&quot;:&quot;&quot;,&quot;jet_parallax_layout_bg_y&quot;:50,&quot;jet_parallax_layout_bg_y_tablet&quot;:&quot;&quot;,&quot;jet_parallax_layout_bg_y_mobile&quot;:&quot;&quot;,&quot;jet_parallax_layout_bg_size&quot;:&quot;auto&quot;,&quot;jet_parallax_layout_bg_size_tablet&quot;:&quot;&quot;,&quot;jet_parallax_layout_bg_size_mobile&quot;:&quot;&quot;,&quot;jet_parallax_layout_animation_prop&quot;:&quot;transform&quot;,&quot;jet_parallax_layout_on&quot;:[&quot;desktop&quot;,&quot;tablet&quot;]}]}\">\n\t\t\t\t\t\t<div class=\"elementor-container elementor-column-gap-default\">\n\t\t\t\t\t<div class=\"elementor-column elementor-col-100 elementor-inner-column elementor-element elementor-element-7d72fe0\" data-id=\"7d72fe0\" data-element_type=\"column\" data-e-type=\"column\">\n\t\t\t<div class=\"elementor-widget-wrap elementor-element-populated\">\n\t\t\t\t\t\t<div class=\"elementor-element elementor-element-a599b61 elementor-widget elementor-widget-heading\" data-id=\"a599b61\" data-element_type=\"widget\" data-e-type=\"widget\" data-widget_type=\"heading.default\">\n\t\t\t\t<div class=\"elementor-widget-container\">\n\t\t\t\t\t<h4 class=\"elementor-heading-title elementor-size-default\">Politique de confidentialit\u00e9 pour l'application NeuroGym Fit Mobile<\/h4>\t\t\t\t<\/div>\n\t\t\t\t<\/div>\n\t\t\t\t<div class=\"elementor-element elementor-element-3953d98 elementor-widget elementor-widget-heading\" data-id=\"3953d98\" data-element_type=\"widget\" data-e-type=\"widget\" data-widget_type=\"heading.default\">\n\t\t\t\t<div class=\"elementor-widget-container\">\n\t\t\t\t\t<h6 class=\"elementor-heading-title elementor-size-default\">1. Introduction<\/h6>\t\t\t\t<\/div>\n\t\t\t\t<\/div>\n\t\t\t\t<div class=\"elementor-element elementor-element-a6b1543 elementor-widget elementor-widget-text-editor\" data-id=\"a6b1543\" data-element_type=\"widget\" data-e-type=\"widget\" data-widget_type=\"text-editor.default\">\n\t\t\t\t<div class=\"elementor-widget-container\">\n\t\t\t\t\t\t\t\t\t<p>La pr\u00e9sente politique de confidentialit\u00e9 d\u00e9crit comment <strong>NeuroGym Rehabilitation<\/strong> (\u00ab nous \u00bb, \u00ab notre \u00bb ou \u00ab nos \u00bb) traite vos donn\u00e9es lorsque vous utilisez l\u2019application <strong>NeuroGym FIT Mobile<\/strong> (l\u2019\u00ab application \u00bb). Nous nous engageons \u00e0 prot\u00e9ger votre vie priv\u00e9e et \u00e0 vous offrir une exp\u00e9rience optimale.<\/p>\t\t\t\t\t\t\t\t<\/div>\n\t\t\t\t<\/div>\n\t\t\t\t<div class=\"elementor-element elementor-element-c87ba8d elementor-widget elementor-widget-heading\" data-id=\"c87ba8d\" data-element_type=\"widget\" data-e-type=\"widget\" data-widget_type=\"heading.default\">\n\t\t\t\t<div class=\"elementor-widget-container\">\n\t\t\t\t\t<h6 class=\"elementor-heading-title elementor-size-default\">2. Collecte et utilisation des informations<\/h6>\t\t\t\t<\/div>\n\t\t\t\t<\/div>\n\t\t\t\t<div class=\"elementor-element elementor-element-1f74c5c elementor-widget elementor-widget-text-editor\" data-id=\"1f74c5c\" data-element_type=\"widget\" data-e-type=\"widget\" data-widget_type=\"text-editor.default\">\n\t\t\t\t<div class=\"elementor-widget-container\">\n\t\t\t\t\t\t\t\t\t<p>Notre application requiert certaines autorisations pour fonctionner correctement\u00a0:<\/p><ul><li><strong>Acc\u00e8s \u00e0 la cam\u00e9ra:<\/strong> Notre application demande l\u2019acc\u00e8s \u00e0 la cam\u00e9ra de votre appareil afin de prendre des photos de vos exercices. Ces photos servent au suivi de vos progr\u00e8s et de votre entra\u00eenement.<\/li><li><strong>Gestion des donn\u00e9es:<\/strong> Nous utilisons un fournisseur de services cloud tiers, Microsoft Azure, pour h\u00e9berger nos services et stocker vos donn\u00e9es personnelles.<\/li><\/ul>\t\t\t\t\t\t\t\t<\/div>\n\t\t\t\t<\/div>\n\t\t\t\t<div class=\"elementor-element elementor-element-20869b2 elementor-widget elementor-widget-heading\" data-id=\"20869b2\" data-element_type=\"widget\" data-e-type=\"widget\" data-widget_type=\"heading.default\">\n\t\t\t\t<div class=\"elementor-widget-container\">\n\t\t\t\t\t<h6 class=\"elementor-heading-title elementor-size-default\">3. Stockage et s\u00e9curit\u00e9 des donn\u00e9es<\/h6>\t\t\t\t<\/div>\n\t\t\t\t<\/div>\n\t\t\t\t<div class=\"elementor-element elementor-element-067530d elementor-widget elementor-widget-text-editor\" data-id=\"067530d\" data-element_type=\"widget\" data-e-type=\"widget\" data-widget_type=\"text-editor.default\">\n\t\t\t\t<div class=\"elementor-widget-container\">\n\t\t\t\t\t\t\t\t\t<p>Les donn\u00e9es stock\u00e9es sur notre plateforme de services cloud sont chiffr\u00e9es au repos et lors de leurs transferts. L&rsquo;architecture de notre application int\u00e8gre des contr\u00f4les d&rsquo;identit\u00e9 et d&rsquo;acc\u00e8s robustes, ainsi que la protection Microsoft contre les menaces, pour une d\u00e9fense multicouche contre la perte de donn\u00e9es et les acc\u00e8s non autoris\u00e9s.<\/p>\t\t\t\t\t\t\t\t<\/div>\n\t\t\t\t<\/div>\n\t\t\t\t<div class=\"elementor-element elementor-element-1de7a1b elementor-widget elementor-widget-heading\" data-id=\"1de7a1b\" data-element_type=\"widget\" data-e-type=\"widget\" data-widget_type=\"heading.default\">\n\t\t\t\t<div class=\"elementor-widget-container\">\n\t\t\t\t\t<h6 class=\"elementor-heading-title elementor-size-default\">4. Services tiers<\/h6>\t\t\t\t<\/div>\n\t\t\t\t<\/div>\n\t\t\t\t<div class=\"elementor-element elementor-element-01168fb elementor-widget elementor-widget-text-editor\" data-id=\"01168fb\" data-element_type=\"widget\" data-e-type=\"widget\" data-widget_type=\"text-editor.default\">\n\t\t\t\t<div class=\"elementor-widget-container\">\n\t\t\t\t\t\t\t\t\t<p>L&rsquo;application peut utiliser les services Google Play \u00e0 des fins de tests internes et de suivi des performances. Ces services peuvent collecter des informations permettant de vous identifier, conform\u00e9ment \u00e0 leurs propres politiques de confidentialit\u00e9.<\/p>\t\t\t\t\t\t\t\t<\/div>\n\t\t\t\t<\/div>\n\t\t\t\t<div class=\"elementor-element elementor-element-1cfad28 elementor-widget elementor-widget-heading\" data-id=\"1cfad28\" data-element_type=\"widget\" data-e-type=\"widget\" data-widget_type=\"heading.default\">\n\t\t\t\t<div class=\"elementor-widget-container\">\n\t\t\t\t\t<h6 class=\"elementor-heading-title elementor-size-default\">5. Protection de la confidentialit\u00e9 des enfants<\/h6>\t\t\t\t<\/div>\n\t\t\t\t<\/div>\n\t\t\t\t<div class=\"elementor-element elementor-element-0122ac7 elementor-widget elementor-widget-text-editor\" data-id=\"0122ac7\" data-element_type=\"widget\" data-e-type=\"widget\" data-widget_type=\"text-editor.default\">\n\t\t\t\t<div class=\"elementor-widget-container\">\n\t\t\t\t\t\t\t\t\t<p>Notre application ne s&rsquo;adresse pas aux personnes de moins de 13 ans. Nous ne recueillons pas sciemment d&rsquo;informations personnelles identifiables aupr\u00e8s d&rsquo;enfants.<\/p>\t\t\t\t\t\t\t\t<\/div>\n\t\t\t\t<\/div>\n\t\t\t\t<div class=\"elementor-element elementor-element-780e693 elementor-widget elementor-widget-heading\" data-id=\"780e693\" data-element_type=\"widget\" data-e-type=\"widget\" data-widget_type=\"heading.default\">\n\t\t\t\t<div class=\"elementor-widget-container\">\n\t\t\t\t\t<h6 class=\"elementor-heading-title elementor-size-default\">6. Modifications apport\u00e9es \u00e0 la pr\u00e9sente politique<\/h6>\t\t\t\t<\/div>\n\t\t\t\t<\/div>\n\t\t\t\t<div class=\"elementor-element elementor-element-9966033 elementor-widget elementor-widget-text-editor\" data-id=\"9966033\" data-element_type=\"widget\" data-e-type=\"widget\" data-widget_type=\"text-editor.default\">\n\t\t\t\t<div class=\"elementor-widget-container\">\n\t\t\t\t\t\t\t\t\t<p>Nous pouvons \u00eatre amen\u00e9s \u00e0 modifier notre politique de confidentialit\u00e9. Nous vous informerons de toute modification en publiant la nouvelle politique de confidentialit\u00e9 sur cette page.<\/p>\t\t\t\t\t\t\t\t<\/div>\n\t\t\t\t<\/div>\n\t\t\t\t<div class=\"elementor-element elementor-element-b46ffa8 elementor-widget elementor-widget-heading\" data-id=\"b46ffa8\" data-element_type=\"widget\" data-e-type=\"widget\" data-widget_type=\"heading.default\">\n\t\t\t\t<div class=\"elementor-widget-container\">\n\t\t\t\t\t<h6 class=\"elementor-heading-title elementor-size-default\">7. Contactez-nous<\/h6>\t\t\t\t<\/div>\n\t\t\t\t<\/div>\n\t\t\t\t<div class=\"elementor-element elementor-element-dabac63 elementor-widget elementor-widget-text-editor\" data-id=\"dabac63\" data-element_type=\"widget\" data-e-type=\"widget\" data-widget_type=\"text-editor.default\">\n\t\t\t\t<div class=\"elementor-widget-container\">\n\t\t\t\t\t\t\t\t\t<p>Si vous avez des questions ou des suggestions concernant notre politique de confidentialit\u00e9, n&rsquo;h\u00e9sitez pas \u00e0 nous contacter \u00e0 l&rsquo;adresse suivante\u00a0: <strong>info@neurogymrehab.com<\/strong>.<\/p>\t\t\t\t\t\t\t\t<\/div>\n\t\t\t\t<\/div>\n\t\t\t\t<div class=\"elementor-element elementor-element-1f14f8b elementor-widget elementor-widget-heading\" data-id=\"1f14f8b\" data-element_type=\"widget\" data-e-type=\"widget\" data-widget_type=\"heading.default\">\n\t\t\t\t<div class=\"elementor-widget-container\">\n\t\t\t\t\t<h6 class=\"elementor-heading-title elementor-size-default\">Derni\u00e8re mise \u00e0 jour : 5 janvier 2026<\/h6>\t\t\t\t<\/div>\n\t\t\t\t<\/div>\n\t\t\t\t\t<\/div>\n\t\t<\/div>\n\t\t\t\t\t<\/div>\n\t\t<\/section>\n\t\t\t\t\t<\/div>\n\t\t<\/div>\n\t\t\t\t\t<\/div>\n\t\t<\/section>\n\t\t\t\t<\/div>\n\t\t","protected":false},"excerpt":{"rendered":"<p>Politique de confidentialit\u00e9 NeuroGym Fit Politique de confidentialit\u00e9 pour l&rsquo;application NeuroGym Fit Mobile 1. Introduction La pr\u00e9sente politique de confidentialit\u00e9 d\u00e9crit comment NeuroGym Rehabilitation (\u00ab nous \u00bb, \u00ab notre \u00bb ou \u00ab nos \u00bb) traite vos donn\u00e9es lorsque vous utilisez l\u2019application NeuroGym FIT Mobile (l\u2019\u00ab application \u00bb). Nous nous engageons \u00e0 prot\u00e9ger votre vie priv\u00e9e [&hellip;]<\/p>\n","protected":false},"author":9,"featured_media":0,"parent":0,"menu_order":9,"comment_status":"closed","ping_status":"closed","template":"","meta":{"_acf_changed":false,"footnotes":""},"class_list":["post-5819","page","type-page","status-publish","hentry"],"acf":[],"yoast_head":"<!-- This site is optimized with the Yoast SEO plugin v27.5 - https:\/\/yoast.com\/product\/yoast-seo-wordpress\/ -->\n<title>NeuroGym Rehab - Politique de confidentialit\u00e9 NGFIT<\/title>\n<meta name=\"robots\" content=\"index, follow, max-snippet:-1, max-image-preview:large, max-video-preview:-1\" \/>\n<link rel=\"canonical\" href=\"https:\/\/neurogymrehab.com\/fr\/politique-de-confidentialite-ngfit\/\" \/>\n<meta property=\"og:locale\" content=\"fr_FR\" \/>\n<meta property=\"og:type\" content=\"article\" \/>\n<meta property=\"og:title\" content=\"NeuroGym Rehab - Politique de confidentialit\u00e9 NGFIT\" \/>\n<meta property=\"og:description\" content=\"Politique de confidentialit\u00e9 NeuroGym Fit Politique de confidentialit\u00e9 pour l&rsquo;application NeuroGym Fit Mobile 1. Introduction La pr\u00e9sente politique de confidentialit\u00e9 d\u00e9crit comment NeuroGym Rehabilitation (\u00ab nous \u00bb, \u00ab notre \u00bb ou \u00ab nos \u00bb) traite vos donn\u00e9es lorsque vous utilisez l\u2019application NeuroGym FIT Mobile (l\u2019\u00ab application \u00bb). Nous nous engageons \u00e0 prot\u00e9ger votre vie priv\u00e9e [&hellip;]\" \/>\n<meta property=\"og:url\" content=\"https:\/\/neurogymrehab.com\/fr\/politique-de-confidentialite-ngfit\/\" \/>\n<meta property=\"og:site_name\" content=\"NeuroGym Rehab\" \/>\n<meta property=\"article:publisher\" content=\"https:\/\/www.facebook.com\/NeuroGymRehabilitation\/\" \/>\n<meta property=\"article:modified_time\" content=\"2026-01-08T14:18:23+00:00\" \/>\n<meta name=\"twitter:card\" content=\"summary_large_image\" \/>\n<meta name=\"twitter:label1\" content=\"Dur\u00e9e de lecture estim\u00e9e\" \/>\n\t<meta name=\"twitter:data1\" content=\"2 minutes\" \/>\n<script type=\"application\/ld+json\" class=\"yoast-schema-graph\">{\"@context\":\"https:\\\/\\\/schema.org\",\"@graph\":[{\"@type\":\"WebPage\",\"@id\":\"https:\\\/\\\/neurogymrehab.com\\\/fr\\\/politique-de-confidentialite-ngfit\\\/\",\"url\":\"https:\\\/\\\/neurogymrehab.com\\\/fr\\\/politique-de-confidentialite-ngfit\\\/\",\"name\":\"NeuroGym Rehab - Politique de confidentialit\u00e9 NGFIT\",\"isPartOf\":{\"@id\":\"https:\\\/\\\/neurogymrehab.com\\\/#website\"},\"datePublished\":\"2026-01-08T14:12:39+00:00\",\"dateModified\":\"2026-01-08T14:18:23+00:00\",\"breadcrumb\":{\"@id\":\"https:\\\/\\\/neurogymrehab.com\\\/fr\\\/politique-de-confidentialite-ngfit\\\/#breadcrumb\"},\"inLanguage\":\"fr-FR\",\"potentialAction\":[{\"@type\":\"ReadAction\",\"target\":[\"https:\\\/\\\/neurogymrehab.com\\\/fr\\\/politique-de-confidentialite-ngfit\\\/\"]}]},{\"@type\":\"BreadcrumbList\",\"@id\":\"https:\\\/\\\/neurogymrehab.com\\\/fr\\\/politique-de-confidentialite-ngfit\\\/#breadcrumb\",\"itemListElement\":[{\"@type\":\"ListItem\",\"position\":1,\"name\":\"Home\",\"item\":\"https:\\\/\\\/neurogymrehab.com\\\/\"},{\"@type\":\"ListItem\",\"position\":2,\"name\":\"Politique de confidentialit\u00e9 NGFIT\"}]},{\"@type\":\"WebSite\",\"@id\":\"https:\\\/\\\/neurogymrehab.com\\\/#website\",\"url\":\"https:\\\/\\\/neurogymrehab.com\\\/\",\"name\":\"NeuroGym Rehab\",\"description\":\"\",\"publisher\":{\"@id\":\"https:\\\/\\\/neurogymrehab.com\\\/#organization\"},\"potentialAction\":[{\"@type\":\"SearchAction\",\"target\":{\"@type\":\"EntryPoint\",\"urlTemplate\":\"https:\\\/\\\/neurogymrehab.com\\\/?s={search_term_string}\"},\"query-input\":{\"@type\":\"PropertyValueSpecification\",\"valueRequired\":true,\"valueName\":\"search_term_string\"}}],\"inLanguage\":\"fr-FR\"},{\"@type\":\"Organization\",\"@id\":\"https:\\\/\\\/neurogymrehab.com\\\/#organization\",\"name\":\"NeuroGym Rehabilitation\",\"url\":\"https:\\\/\\\/neurogymrehab.com\\\/\",\"logo\":{\"@type\":\"ImageObject\",\"inLanguage\":\"fr-FR\",\"@id\":\"https:\\\/\\\/neurogymrehab.com\\\/#\\\/schema\\\/logo\\\/image\\\/\",\"url\":\"https:\\\/\\\/neurogymrehab.com\\\/wp-content\\\/uploads\\\/2020\\\/10\\\/logo.png\",\"contentUrl\":\"https:\\\/\\\/neurogymrehab.com\\\/wp-content\\\/uploads\\\/2020\\\/10\\\/logo.png\",\"width\":183,\"height\":49,\"caption\":\"NeuroGym Rehabilitation\"},\"image\":{\"@id\":\"https:\\\/\\\/neurogymrehab.com\\\/#\\\/schema\\\/logo\\\/image\\\/\"},\"sameAs\":[\"https:\\\/\\\/www.facebook.com\\\/NeuroGymRehabilitation\\\/\",\"https:\\\/\\\/www.instagram.com\\\/neurogymrehabilitation\\\/\",\"https:\\\/\\\/www.youtube.com\\\/channel\\\/UCc62JRXjCs5CFCR_DqAOgrA\"]}]}<\/script>\n<!-- \/ Yoast SEO plugin. -->","yoast_head_json":{"title":"NeuroGym Rehab - Politique de confidentialit\u00e9 NGFIT","robots":{"index":"index","follow":"follow","max-snippet":"max-snippet:-1","max-image-preview":"max-image-preview:large","max-video-preview":"max-video-preview:-1"},"canonical":"https:\/\/neurogymrehab.com\/fr\/politique-de-confidentialite-ngfit\/","og_locale":"fr_FR","og_type":"article","og_title":"NeuroGym Rehab - Politique de confidentialit\u00e9 NGFIT","og_description":"Politique de confidentialit\u00e9 NeuroGym Fit Politique de confidentialit\u00e9 pour l&rsquo;application NeuroGym Fit Mobile 1. Introduction La pr\u00e9sente politique de confidentialit\u00e9 d\u00e9crit comment NeuroGym Rehabilitation (\u00ab nous \u00bb, \u00ab notre \u00bb ou \u00ab nos \u00bb) traite vos donn\u00e9es lorsque vous utilisez l\u2019application NeuroGym FIT Mobile (l\u2019\u00ab application \u00bb). Nous nous engageons \u00e0 prot\u00e9ger votre vie priv\u00e9e [&hellip;]","og_url":"https:\/\/neurogymrehab.com\/fr\/politique-de-confidentialite-ngfit\/","og_site_name":"NeuroGym Rehab","article_publisher":"https:\/\/www.facebook.com\/NeuroGymRehabilitation\/","article_modified_time":"2026-01-08T14:18:23+00:00","twitter_card":"summary_large_image","twitter_misc":{"Dur\u00e9e de lecture estim\u00e9e":"2 minutes"},"schema":{"@context":"https:\/\/schema.org","@graph":[{"@type":"WebPage","@id":"https:\/\/neurogymrehab.com\/fr\/politique-de-confidentialite-ngfit\/","url":"https:\/\/neurogymrehab.com\/fr\/politique-de-confidentialite-ngfit\/","name":"NeuroGym Rehab - Politique de confidentialit\u00e9 NGFIT","isPartOf":{"@id":"https:\/\/neurogymrehab.com\/#website"},"datePublished":"2026-01-08T14:12:39+00:00","dateModified":"2026-01-08T14:18:23+00:00","breadcrumb":{"@id":"https:\/\/neurogymrehab.com\/fr\/politique-de-confidentialite-ngfit\/#breadcrumb"},"inLanguage":"fr-FR","potentialAction":[{"@type":"ReadAction","target":["https:\/\/neurogymrehab.com\/fr\/politique-de-confidentialite-ngfit\/"]}]},{"@type":"BreadcrumbList","@id":"https:\/\/neurogymrehab.com\/fr\/politique-de-confidentialite-ngfit\/#breadcrumb","itemListElement":[{"@type":"ListItem","position":1,"name":"Home","item":"https:\/\/neurogymrehab.com\/"},{"@type":"ListItem","position":2,"name":"Politique de confidentialit\u00e9 NGFIT"}]},{"@type":"WebSite","@id":"https:\/\/neurogymrehab.com\/#website","url":"https:\/\/neurogymrehab.com\/","name":"NeuroGym Rehab","description":"","publisher":{"@id":"https:\/\/neurogymrehab.com\/#organization"},"potentialAction":[{"@type":"SearchAction","target":{"@type":"EntryPoint","urlTemplate":"https:\/\/neurogymrehab.com\/?s={search_term_string}"},"query-input":{"@type":"PropertyValueSpecification","valueRequired":true,"valueName":"search_term_string"}}],"inLanguage":"fr-FR"},{"@type":"Organization","@id":"https:\/\/neurogymrehab.com\/#organization","name":"NeuroGym Rehabilitation","url":"https:\/\/neurogymrehab.com\/","logo":{"@type":"ImageObject","inLanguage":"fr-FR","@id":"https:\/\/neurogymrehab.com\/#\/schema\/logo\/image\/","url":"https:\/\/neurogymrehab.com\/wp-content\/uploads\/2020\/10\/logo.png","contentUrl":"https:\/\/neurogymrehab.com\/wp-content\/uploads\/2020\/10\/logo.png","width":183,"height":49,"caption":"NeuroGym Rehabilitation"},"image":{"@id":"https:\/\/neurogymrehab.com\/#\/schema\/logo\/image\/"},"sameAs":["https:\/\/www.facebook.com\/NeuroGymRehabilitation\/","https:\/\/www.instagram.com\/neurogymrehabilitation\/","https:\/\/www.youtube.com\/channel\/UCc62JRXjCs5CFCR_DqAOgrA"]}]}},"_links":{"self":[{"href":"https:\/\/neurogymrehab.com\/fr\/wp-json\/wp\/v2\/pages\/5819","targetHints":{"allow":["GET"]}}],"collection":[{"href":"https:\/\/neurogymrehab.com\/fr\/wp-json\/wp\/v2\/pages"}],"about":[{"href":"https:\/\/neurogymrehab.com\/fr\/wp-json\/wp\/v2\/types\/page"}],"author":[{"embeddable":true,"href":"https:\/\/neurogymrehab.com\/fr\/wp-json\/wp\/v2\/users\/9"}],"replies":[{"embeddable":true,"href":"https:\/\/neurogymrehab.com\/fr\/wp-json\/wp\/v2\/comments?post=5819"}],"version-history":[{"count":4,"href":"https:\/\/neurogymrehab.com\/fr\/wp-json\/wp\/v2\/pages\/5819\/revisions"}],"predecessor-version":[{"id":5824,"href":"https:\/\/neurogymrehab.com\/fr\/wp-json\/wp\/v2\/pages\/5819\/revisions\/5824"}],"wp:attachment":[{"href":"https:\/\/neurogymrehab.com\/fr\/wp-json\/wp\/v2\/media?parent=5819"}],"curies":[{"name":"wp","href":"https:\/\/api.w.org\/{rel}","templated":true}]}}